{"id":1520,"date":"2022-03-17T19:39:36","date_gmt":"2022-03-17T17:39:36","guid":{"rendered":"https:\/\/www.caisaron.de\/wp\/?page_id=1520"},"modified":"2022-08-04T23:08:04","modified_gmt":"2022-08-04T21:08:04","slug":"shop","status":"publish","type":"page","link":"https:\/\/www.caisaron.de\/wp\/?page_id=1520","title":{"rendered":"Shop"},"content":{"rendered":"<p><strong>Merchandising von der CD bis hin zur CAISARON-Tasse erhaltet ihr ab sofort unter:<\/strong><br \/>\n<a href=\"https:\/\/caisaron.company.site\/\" target=\"_blank\" rel=\"noopener\"><strong>https:\/\/caisaron.company.site\/<\/strong><\/a><\/p>\n<p><a href=\"https:\/\/caisaron.company.site\/\" target=\"_blank\" rel=\"noopener\"><img loading=\"lazy\" decoding=\"async\" class=\"size-full wp-image-1535 alignnone\" src=\"https:\/\/www.caisaron.de\/wp\/wp-content\/uploads\/2022\/08\/caisaron_shop_banner.jpg\" alt=\"\" width=\"1000\" height=\"331\" srcset=\"https:\/\/www.caisaron.de\/wp\/wp-content\/uploads\/2022\/08\/caisaron_shop_banner.jpg 1000w, https:\/\/www.caisaron.de\/wp\/wp-content\/uploads\/2022\/08\/caisaron_shop_banner-300x99.jpg 300w, https:\/\/www.caisaron.de\/wp\/wp-content\/uploads\/2022\/08\/caisaron_shop_banner-768x254.jpg 768w\" sizes=\"auto, (max-width: 1000px) 100vw, 1000px\" \/><\/a><\/p>\n<p>&nbsp;<\/p>\n<p>Unsere Musik bekommt ihr au\u00dferdem bei<\/p>\n<p><strong>CDs<a href=\"http:\/\/www.poponaut.de\" target=\"_blank\" rel=\"noopener\"><br \/>\n<\/a><\/strong><a href=\"http:\/\/www.poponaut.de\/advanced_search_result.php?keywords=caisaron&amp;x=12&amp;y=7\">www.poponaut.de<\/a><br \/>\n<a href=\"https:\/\/www.amazon.de\/s\/ref=nb_sb_noss?__mk_de_DE=\u00c5M\u00c5\u017d\u00d5\u00d1&amp;url=search-alias%3Daps&amp;field-keywords=caisaron+cd&amp;rh=i%3Aaps%2Ck%3Acaisaron+cd\">www.amazon.de<\/a><\/p>\n<p><strong>Downloads<br \/>\n<\/strong><a href=\"http:\/\/www.amazon.de\/s\/ref=nb_sb_noss?__mk_de_DE=%C3%85M%C3%85Z%C3%95%C3%91&amp;url=search-alias%3Ddigital-music&amp;field-keywords=Caisaron&amp;rh=n%3A77195031%2Ck%3ACaisaron&amp;ajr=0\" target=\"_blank\" rel=\"noopener\">www.amazon.de<\/a> <strong><a href=\"http:\/\/www.amazon.de\/s\/ref=nb_sb_noss?__mk_de_DE=%C3%85M%C3%85Z%C3%95%C3%91&amp;url=search-alias%3Ddigital-music&amp;field-keywords=Caisaron&amp;rh=n%3A77195031%2Ck%3ACaisaron&amp;ajr=0\" target=\"_blank\" rel=\"noopener\"><br \/>\n<\/a><\/strong><a href=\"https:\/\/itunes.apple.com\/de\/artist\/caisaron\/id261410498\" target=\"_blank\" rel=\"noopener\">www.itunes.de<\/a><strong><a href=\"http:\/\/www.amazon.de\/s\/ref=nb_sb_noss?__mk_de_DE=%C3%85M%C3%85Z%C3%95%C3%91&amp;url=search-alias%3Ddigital-music&amp;field-keywords=Caisaron&amp;rh=n%3A77195031%2Ck%3ACaisaron&amp;ajr=0\" target=\"_blank\" rel=\"noopener\"><br \/>\n<\/a><\/strong><\/p>\n<p>oder als Streaming auf allen bekannten Plattformen<\/p>\n","protected":false},"excerpt":{"rendered":"<p>Merchandising von der CD bis hin zur CAISARON-Tasse erhaltet ihr ab sofort unter: https:\/\/caisaron.company.site\/ &nbsp; Unsere Musik bekommt ihr au\u00dferdem bei CDs www.poponaut.de www.amazon.de Downloads www.amazon.de www.itunes.de oder als Streaming &#8230;<\/p>\n","protected":false},"author":1,"featured_media":0,"parent":0,"menu_order":6,"comment_status":"closed","ping_status":"closed","template":"","meta":{"footnotes":""},"class_list":["post-1520","page","type-page","status-publish","hentry"],"_links":{"self":[{"href":"https:\/\/www.caisaron.de\/wp\/index.php?rest_route=\/wp\/v2\/pages\/1520","targetHints":{"allow":["GET"]}}],"collection":[{"href":"https:\/\/www.caisaron.de\/wp\/index.php?rest_route=\/wp\/v2\/pages"}],"about":[{"href":"https:\/\/www.caisaron.de\/wp\/index.php?rest_route=\/wp\/v2\/types\/page"}],"author":[{"embeddable":true,"href":"https:\/\/www.caisaron.de\/wp\/index.php?rest_route=\/wp\/v2\/users\/1"}],"replies":[{"embeddable":true,"href":"https:\/\/www.caisaron.de\/wp\/index.php?rest_route=%2Fwp%2Fv2%2Fcomments&post=1520"}],"version-history":[{"count":0,"href":"https:\/\/www.caisaron.de\/wp\/index.php?rest_route=\/wp\/v2\/pages\/1520\/revisions"}],"wp:attachment":[{"href":"https:\/\/www.caisaron.de\/wp\/index.php?rest_route=%2Fwp%2Fv2%2Fmedia&parent=1520"}],"curies":[{"name":"wp","href":"https:\/\/api.w.org\/{rel}","templated":true}]}}