{"id":777,"date":"2020-08-24T13:02:02","date_gmt":"2020-08-24T11:02:02","guid":{"rendered":"http:\/\/www.caisaron.de\/wp\/?page_id=777"},"modified":"2023-03-13T19:29:43","modified_gmt":"2023-03-13T17:29:43","slug":"band","status":"publish","type":"page","link":"https:\/\/www.caisaron.de\/wp\/?page_id=777","title":{"rendered":"Band"},"content":{"rendered":"\r\n<h3 style=\"text-align: center;\">Angela<br \/><br \/><em>Gesang, Kompositionen, Texte<\/em><br \/><br \/><img loading=\"lazy\" decoding=\"async\" class=\"aligncenter wp-image-1557\" src=\"https:\/\/www.caisaron.de\/wp\/wp-content\/uploads\/2023\/03\/Angela_Pelz.jpg\" alt=\"\" width=\"500\" height=\"425\" srcset=\"https:\/\/www.caisaron.de\/wp\/wp-content\/uploads\/2023\/03\/Angela_Pelz.jpg 1395w, https:\/\/www.caisaron.de\/wp\/wp-content\/uploads\/2023\/03\/Angela_Pelz-300x255.jpg 300w, https:\/\/www.caisaron.de\/wp\/wp-content\/uploads\/2023\/03\/Angela_Pelz-1024x871.jpg 1024w, https:\/\/www.caisaron.de\/wp\/wp-content\/uploads\/2023\/03\/Angela_Pelz-768x653.jpg 768w\" sizes=\"auto, (max-width: 500px) 100vw, 500px\" \/><br \/><img loading=\"lazy\" decoding=\"async\" class=\"aligncenter wp-image-1553\" src=\"https:\/\/www.caisaron.de\/wp\/wp-content\/uploads\/2023\/03\/Angela_Live.jpg\" alt=\"\" width=\"500\" height=\"746\" srcset=\"https:\/\/www.caisaron.de\/wp\/wp-content\/uploads\/2023\/03\/Angela_Live.jpg 467w, https:\/\/www.caisaron.de\/wp\/wp-content\/uploads\/2023\/03\/Angela_Live-201x300.jpg 201w\" sizes=\"auto, (max-width: 500px) 100vw, 500px\" \/><br \/><br \/>Frank<br \/><br \/><em>Gesang, Produktion, Mix<\/em><br \/><br \/><img loading=\"lazy\" decoding=\"async\" class=\"wp-image-1558\" src=\"https:\/\/www.caisaron.de\/wp\/wp-content\/uploads\/2023\/03\/Frank-300x200.jpg\" alt=\"\" width=\"500\" height=\"333\" srcset=\"https:\/\/www.caisaron.de\/wp\/wp-content\/uploads\/2023\/03\/Frank-300x200.jpg 300w, https:\/\/www.caisaron.de\/wp\/wp-content\/uploads\/2023\/03\/Frank-1024x683.jpg 1024w, https:\/\/www.caisaron.de\/wp\/wp-content\/uploads\/2023\/03\/Frank-768x512.jpg 768w, https:\/\/www.caisaron.de\/wp\/wp-content\/uploads\/2023\/03\/Frank-1536x1024.jpg 1536w, https:\/\/www.caisaron.de\/wp\/wp-content\/uploads\/2023\/03\/Frank.jpg 2048w\" sizes=\"auto, (max-width: 500px) 100vw, 500px\" \/><br \/><br \/><img loading=\"lazy\" decoding=\"async\" class=\"aligncenter wp-image-1552\" src=\"https:\/\/www.caisaron.de\/wp\/wp-content\/uploads\/2023\/03\/Frank_Live-236x300.jpg\" alt=\"\" width=\"500\" height=\"635\" srcset=\"https:\/\/www.caisaron.de\/wp\/wp-content\/uploads\/2023\/03\/Frank_Live-236x300.jpg 236w, https:\/\/www.caisaron.de\/wp\/wp-content\/uploads\/2023\/03\/Frank_Live.jpg 620w\" sizes=\"auto, (max-width: 500px) 100vw, 500px\" \/><br \/><br \/>Markus<br \/><em><br \/>Drums, Video<\/em><\/h3>\r\n<h3 style=\"text-align: center;\"><img loading=\"lazy\" decoding=\"async\" class=\"aligncenter wp-image-1556\" src=\"https:\/\/www.caisaron.de\/wp\/wp-content\/uploads\/2023\/03\/985b4d54-5c08-45ac-96f7-90ad3b73ddb3.jpg\" alt=\"\" width=\"500\" height=\"333\" srcset=\"https:\/\/www.caisaron.de\/wp\/wp-content\/uploads\/2023\/03\/985b4d54-5c08-45ac-96f7-90ad3b73ddb3.jpg 1500w, https:\/\/www.caisaron.de\/wp\/wp-content\/uploads\/2023\/03\/985b4d54-5c08-45ac-96f7-90ad3b73ddb3-300x200.jpg 300w, https:\/\/www.caisaron.de\/wp\/wp-content\/uploads\/2023\/03\/985b4d54-5c08-45ac-96f7-90ad3b73ddb3-1024x683.jpg 1024w, https:\/\/www.caisaron.de\/wp\/wp-content\/uploads\/2023\/03\/985b4d54-5c08-45ac-96f7-90ad3b73ddb3-768x512.jpg 768w\" sizes=\"auto, (max-width: 500px) 100vw, 500px\" \/><br \/><img loading=\"lazy\" decoding=\"async\" class=\"aligncenter wp-image-1555\" src=\"https:\/\/www.caisaron.de\/wp\/wp-content\/uploads\/2023\/03\/Markus_Live.jpg\" alt=\"\" width=\"500\" height=\"429\" srcset=\"https:\/\/www.caisaron.de\/wp\/wp-content\/uploads\/2023\/03\/Markus_Live.jpg 2514w, https:\/\/www.caisaron.de\/wp\/wp-content\/uploads\/2023\/03\/Markus_Live-300x257.jpg 300w, https:\/\/www.caisaron.de\/wp\/wp-content\/uploads\/2023\/03\/Markus_Live-1024x879.jpg 1024w, https:\/\/www.caisaron.de\/wp\/wp-content\/uploads\/2023\/03\/Markus_Live-768x659.jpg 768w, https:\/\/www.caisaron.de\/wp\/wp-content\/uploads\/2023\/03\/Markus_Live-1536x1318.jpg 1536w, https:\/\/www.caisaron.de\/wp\/wp-content\/uploads\/2023\/03\/Markus_Live-2048x1757.jpg 2048w\" sizes=\"auto, (max-width: 500px) 100vw, 500px\" \/><br \/><br \/>Marc<br \/><em><br \/>Gitarren<\/em><\/h3>\r\n<h3 style=\"text-align: center;\"><img loading=\"lazy\" decoding=\"async\" class=\"aligncenter wp-image-1559\" src=\"https:\/\/www.caisaron.de\/wp\/wp-content\/uploads\/2023\/03\/Marc_Pelz.jpg\" alt=\"\" width=\"500\" height=\"530\" srcset=\"https:\/\/www.caisaron.de\/wp\/wp-content\/uploads\/2023\/03\/Marc_Pelz.jpg 1278w, https:\/\/www.caisaron.de\/wp\/wp-content\/uploads\/2023\/03\/Marc_Pelz-283x300.jpg 283w, https:\/\/www.caisaron.de\/wp\/wp-content\/uploads\/2023\/03\/Marc_Pelz-966x1024.jpg 966w, https:\/\/www.caisaron.de\/wp\/wp-content\/uploads\/2023\/03\/Marc_Pelz-768x814.jpg 768w\" sizes=\"auto, (max-width: 500px) 100vw, 500px\" \/><\/h3>\r\n<p style=\"text-align: left;\"><img loading=\"lazy\" decoding=\"async\" class=\"aligncenter wp-image-1554\" src=\"https:\/\/www.caisaron.de\/wp\/wp-content\/uploads\/2023\/03\/Marc_Live.jpg\" alt=\"\" width=\"500\" height=\"591\" srcset=\"https:\/\/www.caisaron.de\/wp\/wp-content\/uploads\/2023\/03\/Marc_Live.jpg 1812w, https:\/\/www.caisaron.de\/wp\/wp-content\/uploads\/2023\/03\/Marc_Live-254x300.jpg 254w, https:\/\/www.caisaron.de\/wp\/wp-content\/uploads\/2023\/03\/Marc_Live-866x1024.jpg 866w, https:\/\/www.caisaron.de\/wp\/wp-content\/uploads\/2023\/03\/Marc_Live-768x908.jpg 768w, https:\/\/www.caisaron.de\/wp\/wp-content\/uploads\/2023\/03\/Marc_Live-1299x1536.jpg 1299w, https:\/\/www.caisaron.de\/wp\/wp-content\/uploads\/2023\/03\/Marc_Live-1732x2048.jpg 1732w\" sizes=\"auto, (max-width: 500px) 100vw, 500px\" \/><br \/><br \/><br \/><br \/><br \/>Seit ihrem erfolgreichen Album &#8218;Reflection&#8216; (2015) hat sich die kreative Electro-Synth\/Pop-Band CAISARON aus dem Raum Dresden weiterentwickelt und pr\u00e4sentiert nach den beiden digital ver\u00f6ffentlichten Vorab-Singles &#8218;Never End&#8216; (2018) und &#8218;Unconnectable&#8216; (2019) nun ein neues Full-Time-Album mit dem Titel &#8218;Destiny Encounters&#8216;, welches sich von N<em>ull<\/em> auf <em>Eins<\/em> in den deutschen Alternative Charts und auf Platz 3 in den GEWC-Charts platzieren konnte !<\/p>\r\n<p style=\"text-align: left;\">\r\n\r\n<\/p>\r\n<p style=\"text-align: left;\">Gewaltige Synth-Sounds, abwechslungsreiche Arrangements, fette Basslinien und gekonnte Melodief\u00fchrungen zeichnen Caisaron aus.<\/p>\r\n<p style=\"text-align: left;\">\r\n\r\n<\/p>\r\n<p style=\"text-align: left;\">Frontfrau Angela und Frontmann Frank bestechen mit Ihrem melancholischen und emotionalen Gesang und den abwechselnd in Deutsch und Englisch gehaltenen Texten, die tiefgr\u00fcndig von Themen aus der Lebenswirklichkeit, wie \u00c4ngsten, Tr\u00e4umen, Wahrheit, Leidenschaft und Einsamkeit, handeln.<\/p>\r\n<p style=\"text-align: left;\">\r\n\r\n<\/p>\r\n<p style=\"text-align: left;\">Nach dem Daniel im Mai 2020 Caisaron verlassen hatte, wurde die Live-Besetzung zwischenzeitlich mit dem Drummer Markus und dem Gitarristen Marc verst\u00e4rkt.\u00a0<\/p>\r\n<p style=\"text-align: left;\">\r\n\r\n<\/p>\r\n<p style=\"text-align: left;\">Der Sound von CAISARON l\u00e4sst nun etwas kraftvollere Rhythmik und leicht aggressivere Soundstrukturen erkennen.\u00a0<\/p>\r\n<p style=\"text-align: left;\">\r\n\r\n<\/p>\r\n<p style=\"text-align: left;\">In der Vergangenheit waren Caisaron vorrangig in Deutschland mit ihrer Liveshow unterwegs, z.B. im Vorprogramm von Bands wie \u201eProject Pitchfork\u201c, \u201cSolar Fake,\u201c Blutengel\u201c und \u201ePeter Heppner.<\/p>\r\n","protected":false},"excerpt":{"rendered":"<p>Angela Gesang, Kompositionen, Texte Frank Gesang, Produktion, Mix MarkusDrums, Video MarcGitarren Seit ihrem erfolgreichen Album &#8218;Reflection&#8216; (2015) hat sich die kreative Electro-Synth\/Pop-Band CAISARON aus dem Raum Dresden weiterentwickelt und pr\u00e4sentiert &#8230;<\/p>\n","protected":false},"author":1,"featured_media":0,"parent":0,"menu_order":0,"comment_status":"closed","ping_status":"closed","template":"","meta":{"footnotes":""},"class_list":["post-777","page","type-page","status-publish","hentry"],"_links":{"self":[{"href":"https:\/\/www.caisaron.de\/wp\/index.php?rest_route=\/wp\/v2\/pages\/777","targetHints":{"allow":["GET"]}}],"collection":[{"href":"https:\/\/www.caisaron.de\/wp\/index.php?rest_route=\/wp\/v2\/pages"}],"about":[{"href":"https:\/\/www.caisaron.de\/wp\/index.php?rest_route=\/wp\/v2\/types\/page"}],"author":[{"embeddable":true,"href":"https:\/\/www.caisaron.de\/wp\/index.php?rest_route=\/wp\/v2\/users\/1"}],"replies":[{"embeddable":true,"href":"https:\/\/www.caisaron.de\/wp\/index.php?rest_route=%2Fwp%2Fv2%2Fcomments&post=777"}],"version-history":[{"count":0,"href":"https:\/\/www.caisaron.de\/wp\/index.php?rest_route=\/wp\/v2\/pages\/777\/revisions"}],"wp:attachment":[{"href":"https:\/\/www.caisaron.de\/wp\/index.php?rest_route=%2Fwp%2Fv2%2Fmedia&parent=777"}],"curies":[{"name":"wp","href":"https:\/\/api.w.org\/{rel}","templated":true}]}}